{"id":6524,"date":"2022-04-05T07:32:54","date_gmt":"2022-04-05T07:32:54","guid":{"rendered":"https:\/\/bebe.consumer.es\/?page_id=6524"},"modified":"2022-08-11T08:41:03","modified_gmt":"2022-08-11T08:41:03","slug":"que-es-la-guia-del-bebe","status":"publish","type":"page","link":"https:\/\/bebe.consumer.es\/ca\/que-es-la-guia-del-bebe\/","title":{"rendered":"Qu\u00e8 \u00e9s la Guia del beb\u00e8"},"content":{"rendered":"\n<p>Us fem la benvinguda a la Guia del Beb\u00e8 d\u2019Eroski Consumer, un projecte informatiu impulsat per Fundaci\u00f3 Eroski.<\/p>\n\n\n\n<p>Amb aquesta guia, posem a la vostra disposici\u00f3 un ampli cat\u00e0leg de continguts que abasta totes les etapes de l\u2019embar\u00e0s i crian\u00e7a del beb\u00e8, des de la preconcepci\u00f3n fins els 3 anys d\u2019edat.<\/p>\n\n\n\n<p>Dividida en 9 tem\u00e0tiques, en cada secci\u00f3, podreu trobar interessants articles, v\u00eddeos i podcasts avalats per professionals de la salut i crian\u00e7a.<\/p>\n\n\n\n<p>Per facilitar la navegaci\u00f3 i el seu \u00fas, tamb\u00e9 podeu consultar continguts seleccionant l\u2019edat del vostre beb\u00e8.<\/p>\n\n\n\n<p>Aix\u00ed mateix, trobareu enlla\u00e7os a altres guies Eroski Consumer que us poden resultar d\u2019inter\u00e8s.<\/p>\n\n\n\n<p>I si voleu con\u00e8ixer mes a mes les claus per gaudir del vostre embar\u00e0s i de cada etapa del vostre nad\u00f3, no dubteu a subscriure-us al nostre butllet\u00ed mensual.<\/p>\n\n\n\n<p>Amb aquesta guia pr\u00e0ctica del beb\u00e8, Eroski Consumer aposta una vegada m\u00e9s per acompanyar a les fam\u00edlies, fent suport i resposta als vostres dubtes, perqu\u00e8 aquesta meravellosa etapa vital dels inicis de la maternitat i paternitat resulti m\u00e9s senzilla i gratificant.<\/p>\n\n\n\n<iframe loading=\"lazy\" width=\"840\" height=\"430\" src=\"https:\/\/www.youtube.com\/embed\/8h6IpVKFrL4\" title=\"YouTube video player\" frameborder=\"0\" allow=\"accelerometer; autoplay; clipboard-write; encrypted-media; gyroscope; picture-in-picture\" allowfullscreen=\"\"><\/iframe>\n","protected":false},"excerpt":{"rendered":"","protected":false},"author":1,"featured_media":0,"parent":0,"menu_order":0,"comment_status":"closed","ping_status":"closed","template":"","meta":{"footnotes":""},"class_list":{"0":"post-6524","1":"page","2":"type-page","3":"status-publish","5":"infinite-scroll-item"},"acf":[],"aioseo_notices":[],"_links":{"self":[{"href":"https:\/\/bebe.consumer.es\/ca\/wp-json\/wp\/v2\/pages\/6524\/"}],"collection":[{"href":"https:\/\/bebe.consumer.es\/ca\/wp-json\/wp\/v2\/pages\/"}],"about":[{"href":"https:\/\/bebe.consumer.es\/ca\/wp-json\/wp\/v2\/types\/page\/"}],"author":[{"embeddable":true,"href":"https:\/\/bebe.consumer.es\/ca\/wp-json\/wp\/v2\/users\/1\/"}],"replies":[{"embeddable":true,"href":"https:\/\/bebe.consumer.es\/ca\/wp-json\/wp\/v2\/comments\/?post=6524"}],"version-history":[{"count":3,"href":"https:\/\/bebe.consumer.es\/ca\/wp-json\/wp\/v2\/pages\/6524\/revisions\/"}],"predecessor-version":[{"id":7955,"href":"https:\/\/bebe.consumer.es\/ca\/wp-json\/wp\/v2\/pages\/6524\/revisions\/7955\/"}],"wp:attachment":[{"href":"https:\/\/bebe.consumer.es\/ca\/wp-json\/wp\/v2\/media\/?parent=6524"}],"curies":[{"name":"wp","href":"https:\/\/api.w.org\/{rel}","templated":true}]}}