{"id":6525,"date":"2022-04-05T07:32:54","date_gmt":"2022-04-05T07:32:54","guid":{"rendered":"https:\/\/bebe.consumer.es\/?page_id=6525"},"modified":"2022-06-15T17:19:38","modified_gmt":"2022-06-15T17:19:38","slug":"que-e-a-guia-do-bebe","status":"publish","type":"page","link":"https:\/\/bebe.consumer.es\/gl\/que-e-a-guia-do-bebe\/","title":{"rendered":"Que \u00e9 a Gu\u00eda do beb\u00e9"},"content":{"rendered":"\n<p>D\u00e1mosvos a benvida \u00e1 Gu\u00eda do Beb\u00e9 de Eroski Consumer, un proxecto informativo impulsado por Fundaci\u00f3n Eroski.<\/p>\n\n\n\n<p>Con esta gu\u00eda, pomos \u00e1 vosa disposici\u00f3n un amplo cat\u00e1logo de contidos que abarca todas as etapas do embarazo e crianza do beb\u00e9, desde a preconcepci\u00f3n at\u00e9 os 3 anos de idade.<\/p>\n\n\n\n<p>Dividida en 9 tem\u00e1ticas, en cada secci\u00f3n, poderedes atopar interesantes artigos, v\u00eddeos e podcasts avalados por profesionais da sa\u00fade e crianza.<\/p>\n\n\n\n<p>Paira facilitar a navegaci\u00f3n e o seu uso, tam\u00e9n podedes consultar contidos seleccionando a idade do voso beb\u00e9.<\/p>\n\n\n\n<p>As\u00ed mesmo, atoparedes enlaces a outras gu\u00edas Eroski Consumer que vos poden resultar de interese.<\/p>\n\n\n\n<p>E se queredes co\u00f1ecer mes a mes as claves para gozardes do voso embarazo, e de cada etapa do voso beb\u00e9, non dubidedes en suscribirvos ao noso bolet\u00edn mensual.<\/p>\n\n\n\n<p>Con esta gu\u00eda pr\u00e1ctica do beb\u00e9, Eroski Consumer aposta una vez m\u00e1is por acompa\u00f1ar \u00e1s familias, dando apoio e resposta \u00e1s vosas d\u00fabidas, para que esta marabillosa etapa vital dos inicios da maternidade e paternidade resulte m\u00e1is sinxela e gratificante.<\/p>\n\n\n\n<iframe loading=\"lazy\" width=\"840\" height=\"430\" src=\"https:\/\/www.youtube.com\/embed\/Vv3eeHhu8pw\" title=\"YouTube video player\" frameborder=\"0\" allow=\"accelerometer; autoplay; clipboard-write; encrypted-media; gyroscope; picture-in-picture\" allowfullscreen=\"\"><\/iframe>\n","protected":false},"excerpt":{"rendered":"","protected":false},"author":1,"featured_media":0,"parent":0,"menu_order":0,"comment_status":"closed","ping_status":"closed","template":"","meta":{"footnotes":""},"class_list":{"0":"post-6525","1":"page","2":"type-page","3":"status-publish","5":"infinite-scroll-item"},"acf":[],"aioseo_notices":[],"_links":{"self":[{"href":"https:\/\/bebe.consumer.es\/gl\/wp-json\/wp\/v2\/pages\/6525\/"}],"collection":[{"href":"https:\/\/bebe.consumer.es\/gl\/wp-json\/wp\/v2\/pages\/"}],"about":[{"href":"https:\/\/bebe.consumer.es\/gl\/wp-json\/wp\/v2\/types\/page\/"}],"author":[{"embeddable":true,"href":"https:\/\/bebe.consumer.es\/gl\/wp-json\/wp\/v2\/users\/1\/"}],"replies":[{"embeddable":true,"href":"https:\/\/bebe.consumer.es\/gl\/wp-json\/wp\/v2\/comments\/?post=6525"}],"version-history":[{"count":4,"href":"https:\/\/bebe.consumer.es\/gl\/wp-json\/wp\/v2\/pages\/6525\/revisions\/"}],"predecessor-version":[{"id":8068,"href":"https:\/\/bebe.consumer.es\/gl\/wp-json\/wp\/v2\/pages\/6525\/revisions\/8068\/"}],"wp:attachment":[{"href":"https:\/\/bebe.consumer.es\/gl\/wp-json\/wp\/v2\/media\/?parent=6525"}],"curies":[{"name":"wp","href":"https:\/\/api.w.org\/{rel}","templated":true}]}}